{"id":1642,"date":"2018-02-09T10:48:06","date_gmt":"2018-02-09T12:48:06","guid":{"rendered":"https:\/\/estheticaligner.com.co\/portal\/?post_type=product&#038;p=1642"},"modified":"2024-03-05T12:22:40","modified_gmt":"2024-03-05T15:22:40","slug":"credenciamento-online","status":"publish","type":"product","link":"https:\/\/estheticaligner.com.co\/portal\/produto\/credenciamento-online\/","title":{"rendered":"Credenciamento Online"},"content":{"rendered":"","protected":false},"excerpt":{"rendered":"<p>Com o curso online voc\u00ea poder\u00e1 ser um Credenciado Esthetic Aligner e trabalhar com nosso sistema de forma efetiva e eficaz, oferecendo a seus pacientes o que existe de mais moderno em tratamentos Ortod\u00f4nticos.<\/p>\n<p>Ao selecionar a op\u00e7\u00e3o de compra \u201cAdicionar ao Carrinho\u201d, voc\u00ea ir\u00e1 preencher nossa ficha de cadastro e ser\u00e1 transferido para a \u00e1rea de pagamento. Ap\u00f3s efetuar o pagamento, ser\u00e1 enviado um e-mail de confirma\u00e7\u00e3o e um link para gerar os dados de login e senha, que permitir\u00e3o acesso ao Curso e demais informa\u00e7\u00f5es e downloads.<\/p>\n<p><strong>Os dados cadastrados de login e senha ser\u00e3o pessoais e intransfer\u00edveis, ficando sob responsabilidade do Dentista Credenciado de acordo com os dados de cadastro utilizados na ficha de inscri\u00e7\u00e3o do curso online Esthetic Aligner.<\/strong><\/p>\n","protected":false},"featured_media":2001,"template":"","meta":[],"product_cat":[48],"product_tag":[],"_links":{"self":[{"href":"https:\/\/estheticaligner.com.co\/portal\/wp-json\/wp\/v2\/product\/1642"}],"collection":[{"href":"https:\/\/estheticaligner.com.co\/portal\/wp-json\/wp\/v2\/product"}],"about":[{"href":"https:\/\/estheticaligner.com.co\/portal\/wp-json\/wp\/v2\/types\/product"}],"wp:featuredmedia":[{"embeddable":true,"href":"https:\/\/estheticaligner.com.co\/portal\/wp-json\/wp\/v2\/media\/2001"}],"wp:attachment":[{"href":"https:\/\/estheticaligner.com.co\/portal\/wp-json\/wp\/v2\/media?parent=1642"}],"wp:term":[{"taxonomy":"product_cat","embeddable":true,"href":"https:\/\/estheticaligner.com.co\/portal\/wp-json\/wp\/v2\/product_cat?post=1642"},{"taxonomy":"product_tag","embeddable":true,"href":"https:\/\/estheticaligner.com.co\/portal\/wp-json\/wp\/v2\/product_tag?post=1642"}],"curies":[{"name":"wp","href":"https:\/\/api.w.org\/{rel}","templated":true}]}}