{"id":4888,"date":"2023-09-20T11:19:21","date_gmt":"2023-09-20T14:19:21","guid":{"rendered":"https:\/\/estheticaligner.com.br\/portal\/?page_id=4888"},"modified":"2023-09-20T11:20:56","modified_gmt":"2023-09-20T14:20:56","slug":"finalizacao","status":"publish","type":"page","link":"https:\/\/estheticaligner.com.co\/portal\/finalizacao\/","title":{"rendered":"FINALIZA\u00c7\u00c3O"},"content":{"rendered":"[vc_row][vc_column width=&#8221;1\/4&#8243;][mk_custom_list]&nbsp;<\/p>\n<ul>\n<li><a href=\"https:\/\/estheticaligner.com.co\/portal\/apresentacao-do-sistema\/\">Aula 01 &#8211; Apresenta\u00e7\u00e3o do Sistema<\/a><\/li>\n<li><a href=\"https:\/\/estheticaligner.com.co\/portal\/casos-clinicos-2\/\">Aula 02 &#8211; Casos Cl\u00ednicos<\/a><\/li>\n<li><a href=\"https:\/\/estheticaligner.com.co\/portal\/como-precificar\/\">Aula 03 &#8211; Como Precificar<\/a><\/li>\n<li><a href=\"https:\/\/estheticaligner.com.co\/portal\/app-esthetic-aligner\/\">Aula 04 &#8211; APP Estehtic Aligner<\/a><\/li>\n<li><a href=\"https:\/\/estheticaligner.com.co\/portal\/iniciando-um-caso\/\">Aula 05 &#8211; Iniciando um Caso<\/a><\/li>\n<li><a href=\"https:\/\/estheticaligner.com.co\/portal\/a-chegada-dos-alinhadores\/\">Aula 06 &#8211; A Chegada dos Alinhadores<\/a><\/li>\n<li><a href=\"https:\/\/estheticaligner.com.co\/portal\/instalando-os-alinhadores\/\">Aula 07 &#8211; Instalando os Alinhadores<\/a><\/li>\n<li><a href=\"https:\/\/estheticaligner.com.co\/portal\/compreendendo-os-alinhadores\/\">Aula 08 &#8211; Compreendendo os Alinhadores<\/a><\/li>\n<li><a href=\"https:\/\/estheticaligner.com.co\/portal\/procedimentos-clinicos\/\">Aula 09 &#8211; Procedimentos Cl\u00ednicos<\/a><\/li>\n<li><a href=\"https:\/\/estheticaligner.com.co\/portal\/hands-on\/\">Aula 10 &#8211; Hands On<\/a><\/li>\n<li><a href=\"https:\/\/estheticaligner.com.co\/portal\/duvidas-frequentes\/\">Aula 11 &#8211; D\u00favidas Frequentes<\/a><\/li>\n<li><a href=\"https:\/\/estheticaligner.com.co\/portal\/marketing-2\/\">Aula 12 &#8211; Marketing<\/a><\/li>\n<li><strong>Aula 13 &#8211; Finaliza\u00e7\u00e3o<\/strong><\/li>\n<\/ul>\n[\/mk_custom_list][\/vc_column][vc_column width=&#8221;3\/4&#8243;][vc_video title=&#8221;AULA 13 &#8211; FINALIZA\u00c7\u00c3O&#8221; link=&#8221;https:\/\/vimeo.com\/857854716?share=copy&#8221;][\/vc_column][\/vc_row][vc_row][vc_column width=&#8221;1\/4&#8243;][\/vc_column][vc_column width=&#8221;1\/4&#8243;][vc_btn title=&#8221;Assistir a Aula Anterior&#8221; color=&#8221;primary&#8221; align=&#8221;center&#8221; link=&#8221;url:https%3A%2F%2Festheticaligner.com.br%2Fportal%2Fmarketing-2%2F|title:A%20CHEGADA%20DOS%20ALINHADORES||&#8221;][\/vc_column][vc_column width=&#8221;1\/4&#8243;][\/vc_column][vc_column width=&#8221;1\/4&#8243;][vc_btn title=&#8221;Voltar ao Menu&#8221; color=&#8221;primary&#8221; align=&#8221;center&#8221; link=&#8221;url:https%3A%2F%2Festheticaligner.com.br%2Fportal%2Fvideo-aula%2F|||&#8221;][\/vc_column][\/vc_row][vc_row][vc_column][\/vc_column][\/vc_row]\n","protected":false},"excerpt":{"rendered":"<p>[vc_row][vc_column width=&#8221;1\/4&#8243;][mk_custom_list]&nbsp; Aula 01 &#8211; Apresenta\u00e7\u00e3o do Sistema Aula 02 &#8211; Casos Cl\u00ednicos Aula 03 &#8211; Como Precificar Aula 04 &#8211; APP Estehtic Aligner Aula 05 &#8211; Iniciando um Caso Aula 06 &#8211; A Chegada dos Alinhadores Aula 07 &#8211; Instalando os Alinhadores Aula 08 &#8211; Compreendendo os Alinhadores Aula 09 &#8211; Procedimentos Cl\u00ednicos Aula [&hellip;]<\/p>\n","protected":false},"author":3188,"featured_media":0,"parent":0,"menu_order":0,"comment_status":"closed","ping_status":"closed","template":"","meta":{"footnotes":""},"_links":{"self":[{"href":"https:\/\/estheticaligner.com.co\/portal\/wp-json\/wp\/v2\/pages\/4888"}],"collection":[{"href":"https:\/\/estheticaligner.com.co\/portal\/wp-json\/wp\/v2\/pages"}],"about":[{"href":"https:\/\/estheticaligner.com.co\/portal\/wp-json\/wp\/v2\/types\/page"}],"author":[{"embeddable":true,"href":"https:\/\/estheticaligner.com.co\/portal\/wp-json\/wp\/v2\/users\/3188"}],"replies":[{"embeddable":true,"href":"https:\/\/estheticaligner.com.co\/portal\/wp-json\/wp\/v2\/comments?post=4888"}],"version-history":[{"count":2,"href":"https:\/\/estheticaligner.com.co\/portal\/wp-json\/wp\/v2\/pages\/4888\/revisions"}],"predecessor-version":[{"id":4890,"href":"https:\/\/estheticaligner.com.co\/portal\/wp-json\/wp\/v2\/pages\/4888\/revisions\/4890"}],"wp:attachment":[{"href":"https:\/\/estheticaligner.com.co\/portal\/wp-json\/wp\/v2\/media?parent=4888"}],"curies":[{"name":"wp","href":"https:\/\/api.w.org\/{rel}","templated":true}]}}