{"id":3850,"date":"2021-12-02T10:08:32","date_gmt":"2021-12-02T13:08:32","guid":{"rendered":"https:\/\/estheticaligner.com.br\/portal\/?page_id=3850"},"modified":"2021-12-02T10:08:32","modified_gmt":"2021-12-02T13:08:32","slug":"cookies-e-anuncios","status":"publish","type":"page","link":"https:\/\/estheticaligner.com.co\/portal\/cookies-e-anuncios\/","title":{"rendered":"Cookies e an\u00fancios"},"content":{"rendered":"\r\n<h3 class=\"wp-block-heading\">Cookies<\/h3>\r\n \r\n\r\nEmbora a aceita\u00e7\u00e3o de cookies n\u00e3o seja necess\u00e1ria para visitar os sites da Esthetic Aligner, usamos cookies. Os cookies s\u00e3o pequenos arquivos de texto armazenados em discos r\u00edgidos do computador. S\u00e3o usados regularmente para analisar a atividade espec\u00edfica do site. Ao coletar e lembrar de informa\u00e7\u00f5es sobre sua visita a um site, os cookies permitem que os aplicativos da internet reconhe\u00e7am e respondam suas prefer\u00eancias individuais. Um arquivo de cookie pode conter informa\u00e7\u00f5es que o site usa para responder a voc\u00ea como indiv\u00edduo e para adaptar uma experi\u00eancia da internet \u00e0s suas prefer\u00eancias. Se voc\u00ea forneceu informa\u00e7\u00f5es de contato como parte da visita do site, podemos usar o arquivo de cookies para coletar informa\u00e7\u00f5es sobre sua atividade espec\u00edfica no site. Essa informa\u00e7\u00e3o s\u00f3 ser\u00e1 usada para fins de marketing pela Esthetic Aligner, e n\u00e3o ser\u00e1 vendida ou compartilhada com terceiros n\u00e3o contratados da Esthetic Aligner.\r\n\r\n \r\n\r\nAlgumas partes dos sites da Esthetic Aligner usam cookies. Isso permite que a Esthetic Aligner determine a utilidade das informa\u00e7\u00f5es fornecidas aos usu\u00e1rios e analise a efic\u00e1cia da estrutura de navega\u00e7\u00e3o ao fornecer essa informa\u00e7\u00e3o. No final, os cookies nos ajudam a oferecer a voc\u00ea uma melhor experi\u00eancia no site.\r\n\r\n \r\n\r\nSe voc\u00ea preferir n\u00e3o receber cookies no site da Esthetic Aligner \u00e9 poss\u00edvel configurar o navegador (como o Internet Explorer, o Chrome, o Mozilla Firefox, etc.) para avis\u00e1-lo antes de aceitar os cookies e recus\u00e1-lo quando o navegador alertar para a presen\u00e7a deles. Voc\u00ea tamb\u00e9m poder\u00e1 recusar todos os cookies desabilitando-os no navegador. Se voc\u00ea configurou o navegador para n\u00e3o permitir cookies, ainda poder\u00e1 acessar o site. No entanto, isso poder\u00e1 afetar a usabilidade total do site.\r\n\r\n \r\n<h3 class=\"wp-block-heading\">O que \u00e9 um cookie?<\/h3>\r\n \r\n\r\nA maioria dos sites que voc\u00ea visita usam cookies para aprimorar a experi\u00eancia de usu\u00e1rio, permitindo que esse site &#8220;se lembre&#8221; de voc\u00ea apenas durante a dura\u00e7\u00e3o da visita (usando um &#8220;cookie de sess\u00e3o&#8221;) ou para visitas repetidas (usando um &#8220;cookie persistente&#8221;).\r\n\r\n \r\n\r\nOs cookies fazem muitas coisas diferentes, como permitir navegar entre p\u00e1ginas de forma eficiente, armazenar prefer\u00eancias e, no geral, aprimorar a experi\u00eancia em um site. Os cookies fazem a intera\u00e7\u00e3o entre voc\u00ea e o site mais r\u00e1pido e f\u00e1cil. Se um site n\u00e3o usa cookies, pensar\u00e1 que voc\u00ea \u00e9 um novo visitante toda vez que se deslocar para uma nova p\u00e1gina &#8211; por exemplo, quando voc\u00ea inserir os detalhes de login e navegar para outra p\u00e1gina, os cookies n\u00e3o reconhecer\u00e3o e n\u00e3o poder\u00e3o mant\u00ea-lo conectado.\r\n\r\n \r\n\r\nAlguns sites tamb\u00e9m usam cookies para permitir a segmenta\u00e7\u00e3o de mensagens de publicidade ou marketing, por exemplo, sua localiza\u00e7\u00e3o e\/ou h\u00e1bitos de navega\u00e7\u00e3o.\r\n\r\n \r\n\r\nOs cookies podem ser definidos pelo site que voc\u00ea est\u00e1 visitando (&#8220;cookies prim\u00e1rios&#8221;) ou podem ser configurados por outros sites que executam conte\u00fado na p\u00e1gina que voc\u00ea est\u00e1 visualizando (&#8220;cookies de terceiros&#8221;).\r\n\r\n \r\n\r\nObserva\u00e7\u00e3o: Os cookies &#8220;prim\u00e1rios&#8221; da Esthetic Aligner (veja abaixo)\u00a0<strong>n\u00e3o ret\u00eam<\/strong>\u00a0quaisquer informa\u00e7\u00f5es pessoais (nome, endere\u00e7o, endere\u00e7o IP, etc.) que o usu\u00e1rio possa ter inserido no site da Esthetic Aligner. No entanto, usamos uma combina\u00e7\u00e3o robusta de fontes de dados (on-line, solicita\u00e7\u00f5es, clientes, etc.) para obter uma imagem completa dos produtos e esfor\u00e7os de marketing. Isto serve apenas para nossos esfor\u00e7os. N\u00e3o compartilhamos informa\u00e7\u00f5es com outras empresas para prop\u00f3sitos espec\u00edficos.\r\n\r\n \r\n<h3 class=\"wp-block-heading\">Cookies estritamente necess\u00e1rios<\/h3>\r\n \r\n\r\nAlguns cookies s\u00e3o estritamente necess\u00e1rios. Eles possibilitam que voc\u00ea navegue pelo site e use recursos. Sem esses cookies n\u00e3o conseguiremos determinar o n\u00famero de usu\u00e1rios exclusivos do site ou fornecer determinados recursos, como login autom\u00e1tico para os servi\u00e7os da Esthetic Aligner.\r\n\r\n \r\n\r\nExemplos de cookies estritamente necess\u00e1rios definidos pela Esthetic Aligner:\r\n\r\n \r\n\r\nNome do cookie: Esthetic Aligner\r\nFinalidade: \u201cCookies Directive\u201d &#8211; \u00e9 o cookie que preserva as configura\u00e7\u00f5es personalizadas no site da Esthetic Aligner. Voc\u00ea pode editar as configura\u00e7\u00f5es na p\u00e1gina &#8220;Gerenciar cookies&#8221;, nas configura\u00e7\u00f5es do navegador.\r\n\r\n \r\n<h3 class=\"wp-block-heading\">Cookies de funcionalidades<\/h3>\r\n \r\n\r\nOs cookies de funcionalidades registram informa\u00e7\u00f5es sobre escolhas que voc\u00ea fez e nos permitem adaptar o site para voc\u00ea. Por exemplo, na p\u00e1gina &#8220;Encontre um dentista&#8221;, usamos um cookie para lembrar as configura\u00e7\u00f5es de idioma do navegador, de modo que seu pa\u00eds seja pr\u00e9-selecionado no seletor de pa\u00edses.\r\n\r\n \r\n\r\nExemplos de cookies de funcionalidades definidos pela Esthetic Aligner:\r\n\r\n \r\n\r\nNome do cookie: Esthetic Aligner\r\nFinalidade: &#8220;acceptLanguage&#8221; &#8211; cont\u00e9m as prefer\u00eancias de idioma do usu\u00e1rio atual, usadas na p\u00e1gina &#8220;Encontre um dentista&#8221;.\r\n\r\n \r\n<h3 class=\"wp-block-heading\">Cookies de desempenho<\/h3>\r\n \r\n\r\nUsamos cookies de desempenho no site da Esthetic Aligner para fins internos, de modo a nos ajudar a oferecer uma melhor experi\u00eancia de usu\u00e1rio. As informa\u00e7\u00f5es fornecidas pelos cookies nos ajudam a entender como os visitantes usam o site da Esthetic Aligner para que possamos aprimorar a forma como apresentamos o conte\u00fado. Eles tamb\u00e9m nos permitem testar diferentes ideias de design para p\u00e1ginas espec\u00edficas, como a p\u00e1gina inicial da Esthetic Aligner. Geralmente contratamos empresas de c\u00e1lculo e pesquisa independentes para realizar esses servi\u00e7os. Quando \u00e9 o caso, os cookies podem ser configurados por uma empresa terceirizada (cookies de terceiros). Os cookies de terceiros s\u00e3o identificados na lista abaixo, junto a informa\u00e7\u00f5es sobre como voc\u00ea n\u00e3o deseja receb\u00ea-los.\r\n\r\n \r\n\r\nExemplos de cookies de desempenho definidos pela Esthetic Aligner:\r\n\r\n \r\n\r\nNome do cookie: Esthetic Aligner\r\nFinalidade: \u201cvid\u201d &#8211; cookie de sess\u00e3o usado na p\u00e1gina &#8220;Encontre um dentista&#8221; para acompanhar a solicita\u00e7\u00e3o de pesquisa feita pelo usu\u00e1rio.\r\n\r\n \r\n\r\nNome do cookie: Google Analytics\r\nFinalidade: O site da Esthetic Aligner usa o Google Analytics para configurar um cookie, de modo a avaliar o uso desses servi\u00e7os e compilar um relat\u00f3rio para n\u00f3s.\u00a0<a href=\"https:\/\/tools.google.com\/dlpage\/gaoptout\/\" target=\"_blank\" rel=\"noreferrer noopener\">Desativar os cookies do Google Analytics<\/a>.\r\n\r\n \r\n\r\nNome do cookie: Google DoubleClick\r\nFinalidade: \u00c0s vezes o site do Esthetic Aligner usa o Google DoubleClick para medir a efic\u00e1cia das campanhas de marketing on-line.\u00a0<a href=\"https:\/\/support.google.com\/ads\/answer\/2662922?hl=pt-BR\" target=\"_blank\" rel=\"noreferrer noopener\">Desative os cookies do Google DoubleClick<\/a>.\r\n\r\n \r\n<h3 class=\"wp-block-heading\">Cookies de terceiros<\/h3>\r\n \r\n\r\nPara dar suporte aos nossos esfor\u00e7os, \u00e0s vezes incorporamos fotos, v\u00eddeos e outros conte\u00fados de sites de redes sociais, como YouTube, Facebook, Google e Twitter. P\u00e1ginas com conte\u00fado incorporado podem apresentar cookies desses sites. Da mesma forma, quando voc\u00ea usa um dos bot\u00f5es &#8220;like&#8221; ou &#8220;follow&#8221; nos sites, um cookie pode ser configurado pelo servi\u00e7o que voc\u00ea escolheu para compartilhar conte\u00fado. Voc\u00ea tamb\u00e9m pode optar por usar ferramentas de outras m\u00eddias sociais que a Esthetic Aligner n\u00e3o consegue controlar, como o Pinterest. A Esthetic Aligner n\u00e3o controla o uso de cookies de terceiros. A ferramenta n\u00e3o bloquear\u00e1 os cookies desses sites. Voc\u00ea dever\u00e1 verificar o site de terceiros pertinente para obter mais informa\u00e7\u00f5es sobre o assunto.\r\n\r\n \r\n<h3 class=\"wp-block-heading\">Publicidade comportamental online<\/h3>\r\n \r\n\r\nNossos sites podem, esporadicamente, conter publicidade. Uma certa quantidade de publicidade \u00e9 adaptada ao usu\u00e1rio individual. Usamos cookies para determinar quais publicidade pode ser mais relevantes para voc\u00ea com base nos locais de pesquisa nos sites e na localiza\u00e7\u00e3o geogr\u00e1fica do endere\u00e7o IP. A tabela abaixo fornece links para o indiv\u00edduo como mecanismos de exclus\u00e3o do parceiro de servi\u00e7o, mas tamb\u00e9m \u00e9 poss\u00edvel gerenci\u00e1-los pela p\u00e1gina de configura\u00e7\u00f5es de cookies.\r\n\r\n \r\n\r\nExemplos de cookies de publicidade comportamental online definidos pela Esthetic Aligner:\r\n\r\n \r\n\r\nNome do cookie: Servi\u00e7o de an\u00fancios (n\u00e3o segmentados)\r\nFinalidade: Os an\u00fancios vistos pelos usu\u00e1rios internacionais do site s\u00e3o tratados por diversos prestadores de servi\u00e7os de an\u00fancios e terceiros. Os cookies que acompanham os an\u00fancios permitem que eles e os anunciantes monitorem a efic\u00e1cia dos an\u00fancios (por exemplo, com o uso de cookies de an\u00e1lise estat\u00edstica) e tornam os an\u00fancios mais relevantes para voc\u00ea (por exemplo, se voc\u00ea acessa os sites da Esthetic Aligner fora do Reino Unido \u00e9 poss\u00edvel receber an\u00fancios do seu pa\u00eds local).\r\n\r\n \r\n\r\n&nbsp;\r\n\r\n \r\n<h3 class=\"wp-block-heading\">An\u00fancios<\/h3>\r\n \r\n\r\nA Esthetic Aligner Ortholab (&#8220;Esthetic Aligner&#8221;), que projeta, fabrica e comercializa o sistema Esthetic Aligner, associou-se a uma rede de an\u00fancios de terceiros para exibir publicidade nos sites ou para gerenciar publicidade em outros sites. O parceiro da rede de an\u00fancios usa cookies e web beacons para coletar informa\u00e7\u00f5es que n\u00e3o sejam de identifica\u00e7\u00e3o pessoal sobre as atividades neste e em outros sites, de modo a fornecer publicidade direcionada com base nos seus interesses.\r\n\r\n \r\n\r\nSe voc\u00ea n\u00e3o deseja receber informa\u00e7\u00f5es com a finalidade de tratar an\u00fancios segmentados \u00e9 poss\u00edvel optar por excluir clicando\u00a0<a href=\"https:\/\/preferences-mgr.truste.com\/?pid=estheticaligner01&amp;aid=estheticaligner_publisher01\" target=\"_blank\" rel=\"noreferrer noopener\">aqui<\/a>. N\u00f3s nos associamos a um terceiro para fornecer e gerenciar o mecanismo de exclus\u00e3o. Observe que isso n\u00e3o impede que o an\u00fancio seja exibido online. Voc\u00ea continuar\u00e1 a receber an\u00fancios gen\u00e9ricos, n\u00e3o apenas an\u00fancios segmentados.\r\n\r\n","protected":false},"excerpt":{"rendered":"<p>Cookies Embora a aceita\u00e7\u00e3o de cookies n\u00e3o seja necess\u00e1ria para visitar os sites da Esthetic Aligner, usamos cookies. Os cookies s\u00e3o pequenos arquivos de texto armazenados em discos r\u00edgidos do computador. S\u00e3o usados regularmente para analisar a atividade espec\u00edfica do site. Ao coletar e lembrar de informa\u00e7\u00f5es sobre sua visita a um site, os cookies [&hellip;]<\/p>\n","protected":false},"author":3188,"featured_media":0,"parent":0,"menu_order":0,"comment_status":"closed","ping_status":"closed","template":"","meta":{"footnotes":""},"_links":{"self":[{"href":"https:\/\/estheticaligner.com.co\/portal\/wp-json\/wp\/v2\/pages\/3850"}],"collection":[{"href":"https:\/\/estheticaligner.com.co\/portal\/wp-json\/wp\/v2\/pages"}],"about":[{"href":"https:\/\/estheticaligner.com.co\/portal\/wp-json\/wp\/v2\/types\/page"}],"author":[{"embeddable":true,"href":"https:\/\/estheticaligner.com.co\/portal\/wp-json\/wp\/v2\/users\/3188"}],"replies":[{"embeddable":true,"href":"https:\/\/estheticaligner.com.co\/portal\/wp-json\/wp\/v2\/comments?post=3850"}],"version-history":[{"count":1,"href":"https:\/\/estheticaligner.com.co\/portal\/wp-json\/wp\/v2\/pages\/3850\/revisions"}],"predecessor-version":[{"id":3851,"href":"https:\/\/estheticaligner.com.co\/portal\/wp-json\/wp\/v2\/pages\/3850\/revisions\/3851"}],"wp:attachment":[{"href":"https:\/\/estheticaligner.com.co\/portal\/wp-json\/wp\/v2\/media?parent=3850"}],"curies":[{"name":"wp","href":"https:\/\/api.w.org\/{rel}","templated":true}]}}