{"id":316,"date":"2016-06-12T20:06:25","date_gmt":"2016-06-12T23:06:25","guid":{"rendered":"http:\/\/site298.hospedagemdesites.ws\/?page_id=316"},"modified":"2018-02-16T16:06:53","modified_gmt":"2018-02-16T18:06:53","slug":"contato","status":"publish","type":"page","link":"https:\/\/estheticaligner.com.co\/portal\/contato\/","title":{"rendered":"Entre em contato"},"content":{"rendered":"[mk_page_section][vc_column width=&#8221;1\/2&#8243; css=&#8221;.vc_custom_1466296228868{border: 2px solid #f2f2f2 !important;border-radius: 10px !important;}&#8221;][vc_row_inner attached=&#8221;true&#8221; animation=&#8221;right-to-left&#8221; css=&#8221;.vc_custom_1466296207123{padding-top: 30px !important;padding-right: 20px !important;padding-bottom: 10px !important;padding-left: 20px !important;}&#8221;][vc_column_inner width=&#8221;1\/6&#8243;][mk_font_icons icon=&#8221;mk-li-message&#8221; color_style=&#8221;gradient_color&#8221; grandient_color_from=&#8221;#5a5ada&#8221; grandient_color_to=&#8221;#43a5f4&#8243; grandient_color_angle=&#8221;diagonal_left_bottom&#8221; grandient_color_fallback=&#8221;#43a5f4&#8243; size=&#8221;x-large&#8221; align=&#8221;left&#8221; animation=&#8221;right-to-left&#8221;][\/vc_column_inner][vc_column_inner width=&#8221;5\/6&#8243;][vc_empty_space height=&#8221;10px&#8221;][mk_fancy_title tag_name=&#8221;h3&#8243; color_style=&#8221;gradient_color&#8221; grandient_color_from=&#8221;#43a5f4&#8243; grandient_color_to=&#8221;#5a5ada&#8221; grandient_color_angle=&#8221;diagonal_left_bottom&#8221; grandient_color_fallback=&#8221;#43a5f4&#8243; size=&#8221;22&#8243; font_weight=&#8221;bolder&#8221; margin_bottom=&#8221;0&#8243; font_family=&#8221;none&#8221;]Envie sua mensagem[\/mk_fancy_title][\/vc_column_inner][\/vc_row_inner]\n<div class=\"wpcf7 no-js\" id=\"wpcf7-f415-o1\" lang=\"pt-BR\" dir=\"ltr\">\n<div class=\"screen-reader-response\"><p role=\"status\" aria-live=\"polite\" aria-atomic=\"true\"><\/p> <ul><\/ul><\/div>\n<form action=\"\/portal\/wp-json\/wp\/v2\/pages\/316#wpcf7-f415-o1\" method=\"post\" class=\"wpcf7-form init\" aria-label=\"Formul\u00e1rios de contato\" novalidate=\"novalidate\" data-status=\"init\">\n<div style=\"display: none;\">\n<input type=\"hidden\" name=\"_wpcf7\" value=\"415\" \/>\n<input type=\"hidden\" name=\"_wpcf7_version\" value=\"5.9.3\" \/>\n<input type=\"hidden\" name=\"_wpcf7_locale\" value=\"pt_BR\" \/>\n<input type=\"hidden\" name=\"_wpcf7_unit_tag\" value=\"wpcf7-f415-o1\" \/>\n<input type=\"hidden\" name=\"_wpcf7_container_post\" value=\"0\" \/>\n<input type=\"hidden\" name=\"_wpcf7_posted_data_hash\" value=\"\" \/>\n<\/div>\n<p>Seu nome (obrigat\u00f3rio)\n<\/p>\n<p><span class=\"wpcf7-form-control-wrap\" data-name=\"your-name\"><input size=\"40\" class=\"wpcf7-form-control wpcf7-text wpcf7-validates-as-required\" aria-required=\"true\" aria-invalid=\"false\" value=\"\" type=\"text\" name=\"your-name\" \/><\/span>\n<\/p>\n<p>Seu e-mail (obrigat\u00f3rio)\n<\/p>\n<p><span class=\"wpcf7-form-control-wrap\" data-name=\"your-email\"><input size=\"40\" class=\"wpcf7-form-control wpcf7-email wpcf7-validates-as-required wpcf7-text wpcf7-validates-as-email\" aria-required=\"true\" aria-invalid=\"false\" value=\"\" type=\"email\" name=\"your-email\" \/><\/span>\n<\/p>\n<p>Seu telefone (obrigat\u00f3rio)\n<\/p>\n<p><span class=\"wpcf7-form-control-wrap\" data-name=\"your-tel\"><input size=\"40\" class=\"wpcf7-form-control wpcf7-tel wpcf7-validates-as-required wpcf7-text wpcf7-validates-as-tel\" aria-required=\"true\" aria-invalid=\"false\" value=\"\" type=\"tel\" name=\"your-tel\" \/><\/span>\n<\/p>\n<p>Assunto (obrigat\u00f3rio)\n<\/p>\n<p><span class=\"wpcf7-form-control-wrap\" data-name=\"assunto\"><select class=\"wpcf7-form-control wpcf7-select wpcf7-validates-as-required\" aria-required=\"true\" aria-invalid=\"false\" name=\"assunto\"><option value=\"\">&#8212;Escolha uma op\u00e7\u00e3o&#8212;<\/option><option value=\"D\u00favidas sobre o produto\">D\u00favidas sobre o produto<\/option><option value=\"D\u00favidas sobre o credenciamento\">D\u00favidas sobre o credenciamento<\/option><option value=\"Sugest\u00f5es\">Sugest\u00f5es<\/option><option value=\"Reclama\u00e7\u00f5es\">Reclama\u00e7\u00f5es<\/option><option value=\"Outros\">Outros<\/option><\/select><\/span>\n<\/p>\n<p>Sua mensagem\n<\/p>\n<p><span class=\"wpcf7-form-control-wrap\" data-name=\"your-message\"><textarea cols=\"40\" rows=\"10\" class=\"wpcf7-form-control wpcf7-textarea\" aria-invalid=\"false\" name=\"your-message\"><\/textarea><\/span>\n<\/p>\n<p><input class=\"wpcf7-form-control wpcf7-submit has-spinner\" type=\"submit\" value=\"Enviar\" \/>\n<\/p><div class=\"wpcf7-response-output\" aria-hidden=\"true\"><\/div>\n<\/form>\n<\/div>\n[\/vc_column][vc_column width=&#8221;1\/2&#8243;][vc_row_inner attached=&#8221;true&#8221; animation=&#8221;right-to-left&#8221; css=&#8221;.vc_custom_1466295958558{border-top-width: 2px !important;border-right-width: 2px !important;border-bottom-width: 2px !important;border-left-width: 2px !important;padding-top: 30px !important;padding-right: 20px !important;padding-bottom: 10px !important;padding-left: 20px !important;border-left-color: #f2f2f2 !important;border-left-style: solid !important;border-right-color: #f2f2f2 !important;border-right-style: solid !important;border-top-color: #f2f2f2 !important;border-top-style: solid !important;border-bottom-color: #f2f2f2 !important;border-bottom-style: solid !important;border-radius: 10px !important;}&#8221;][vc_column_inner width=&#8221;1\/4&#8243;][mk_font_icons icon=&#8221;mk-moon-phone-2&#8243; color_style=&#8221;gradient_color&#8221; grandient_color_from=&#8221;#5a5ada&#8221; grandient_color_to=&#8221;#43a5f4&#8243; grandient_color_angle=&#8221;diagonal_left_bottom&#8221; grandient_color_fallback=&#8221;#43a5f4&#8243; size=&#8221;x-large&#8221; align=&#8221;center&#8221; animation=&#8221;right-to-left&#8221;][\/vc_column_inner][vc_column_inner width=&#8221;3\/4&#8243;][vc_empty_space height=&#8221;10px&#8221;][vc_custom_heading text=&#8221;Central de atendimento Esthetic Aligner\u00ae&#8221; font_container=&#8221;tag:div|font_size:16px|text_align:left&#8221; use_theme_fonts=&#8221;yes&#8221;][mk_fancy_title tag_name=&#8221;h3&#8243; color_style=&#8221;gradient_color&#8221; grandient_color_from=&#8221;#43a5f4&#8243; grandient_color_to=&#8221;#5a5ada&#8221; grandient_color_angle=&#8221;diagonal_left_bottom&#8221; grandient_color_fallback=&#8221;#43a5f4&#8243; size=&#8221;22&#8243; font_weight=&#8221;bolder&#8221; margin_bottom=&#8221;0&#8243; font_family=&#8221;none&#8221;]\u00a0(11) 4992-9129[\/mk_fancy_title][\/vc_column_inner][\/vc_row_inner][vc_empty_space height=&#8221;30px&#8221;][mk_fancy_title color_style=&#8221;gradient_color&#8221; grandient_color_from=&#8221;#43a5f4&#8243; grandient_color_to=&#8221;#5a5ada&#8221; grandient_color_angle=&#8221;diagonal_left_bottom&#8221; grandient_color_fallback=&#8221;#43a5f4&#8243; size=&#8221;22&#8243; font_weight=&#8221;bolder&#8221; font_family=&#8221;none&#8221;]Confira abaixo as respostas de algumas das perguntas mais frequentes. Se a sua d\u00favida persistir, nos envie uma mensagem atrav\u00e9s do formul\u00e1rio ao lado.[\/mk_fancy_title][vc_empty_space height=&#8221;30px&#8221;][mk_faq sortable=&#8221;false&#8221; count=&#8221;20&#8243; orderby=&#8221;title&#8221; background_color=&#8221;#ffffff&#8221; faq_cat=&#8221;credenciamento, tratamento, duvidas-sobre-o-produto&#8221;][\/vc_column][\/mk_page_section]\n","protected":false},"excerpt":{"rendered":"<p>[mk_page_section][vc_column width=&#8221;1\/2&#8243; css=&#8221;.vc_custom_1466296228868{border: 2px solid #f2f2f2 !important;border-radius: 10px !important;}&#8221;][vc_row_inner attached=&#8221;true&#8221; animation=&#8221;right-to-left&#8221; css=&#8221;.vc_custom_1466296207123{padding-top: 30px !important;padding-right: 20px !important;padding-bottom: 10px !important;padding-left: 20px !important;}&#8221;][vc_column_inner width=&#8221;1\/6&#8243;][mk_font_icons icon=&#8221;mk-li-message&#8221; color_style=&#8221;gradient_color&#8221; grandient_color_from=&#8221;#5a5ada&#8221; grandient_color_to=&#8221;#43a5f4&#8243; grandient_color_angle=&#8221;diagonal_left_bottom&#8221; grandient_color_fallback=&#8221;#43a5f4&#8243; size=&#8221;x-large&#8221; align=&#8221;left&#8221; animation=&#8221;right-to-left&#8221;][\/vc_column_inner][vc_column_inner width=&#8221;5\/6&#8243;][vc_empty_space height=&#8221;10px&#8221;][mk_fancy_title tag_name=&#8221;h3&#8243; color_style=&#8221;gradient_color&#8221; grandient_color_from=&#8221;#43a5f4&#8243; grandient_color_to=&#8221;#5a5ada&#8221; grandient_color_angle=&#8221;diagonal_left_bottom&#8221; grandient_color_fallback=&#8221;#43a5f4&#8243; size=&#8221;22&#8243; font_weight=&#8221;bolder&#8221; margin_bottom=&#8221;0&#8243; font_family=&#8221;none&#8221;]Envie sua mensagem[\/mk_fancy_title][\/vc_column_inner][\/vc_row_inner][\/vc_column][vc_column width=&#8221;1\/2&#8243;][vc_row_inner attached=&#8221;true&#8221; animation=&#8221;right-to-left&#8221; css=&#8221;.vc_custom_1466295958558{border-top-width: 2px !important;border-right-width: 2px !important;border-bottom-width: 2px !important;border-left-width: 2px [&hellip;]<\/p>\n","protected":false},"author":3188,"featured_media":0,"parent":0,"menu_order":0,"comment_status":"closed","ping_status":"closed","template":"","meta":{"footnotes":""},"_links":{"self":[{"href":"https:\/\/estheticaligner.com.co\/portal\/wp-json\/wp\/v2\/pages\/316"}],"collection":[{"href":"https:\/\/estheticaligner.com.co\/portal\/wp-json\/wp\/v2\/pages"}],"about":[{"href":"https:\/\/estheticaligner.com.co\/portal\/wp-json\/wp\/v2\/types\/page"}],"author":[{"embeddable":true,"href":"https:\/\/estheticaligner.com.co\/portal\/wp-json\/wp\/v2\/users\/3188"}],"replies":[{"embeddable":true,"href":"https:\/\/estheticaligner.com.co\/portal\/wp-json\/wp\/v2\/comments?post=316"}],"version-history":[{"count":0,"href":"https:\/\/estheticaligner.com.co\/portal\/wp-json\/wp\/v2\/pages\/316\/revisions"}],"wp:attachment":[{"href":"https:\/\/estheticaligner.com.co\/portal\/wp-json\/wp\/v2\/media?parent=316"}],"curies":[{"name":"wp","href":"https:\/\/api.w.org\/{rel}","templated":true}]}}