{"id":311,"date":"2016-06-12T19:43:44","date_gmt":"2016-06-12T22:43:44","guid":{"rendered":"http:\/\/site298.hospedagemdesites.ws\/?page_id=311"},"modified":"2024-02-08T11:24:18","modified_gmt":"2024-02-08T14:24:18","slug":"credenciamento","status":"publish","type":"page","link":"https:\/\/estheticaligner.com.co\/portal\/credenciamento\/","title":{"rendered":"Credenciamento"},"content":{"rendered":"[mk_page_section bg_color=&#8221;#f4f4f4&#8243; bg_position=&#8221;center center&#8221; enable_3d=&#8221;true&#8221; bg_video=&#8221;yes&#8221; mp4=&#8221;https:\/\/estheticaligner.com.co\/portal\/wp-content\/uploads\/Pag_Credenciamento_CLIPCHAMP_keep.mp4&#8243; poster_image=&#8221;https:\/\/estheticaligner.com.co\/portal\/wp-content\/uploads\/Alinhador_Esthetic_Aligner.jpg&#8221; bg_gradient=&#8221;left_top&#8221; video_color_mask=&#8221;#43a5f4&#8243; gr_end=&#8221;#5a5ada&#8221; video_opacity=&#8221;0.7&#8243; top_shadow=&#8221;true&#8221; min_height=&#8221;600&#8243; js_vertical_centered=&#8221;true&#8221; padding_top=&#8221;40&#8243; padding_bottom=&#8221;40&#8243; top_shape_style=&#8221;curve-top&#8221; top_shape_color=&#8221;#ffffff&#8221; bottom_shape_style=&#8221;speech-bottom&#8221; bottom_shape_size=&#8221;small&#8221; bottom_shape_color=&#8221;#ffffff&#8221; section_id=&#8221;inicio&#8221; sidebar=&#8221;sidebar-1&#8243;][vc_column][mk_padding_divider size=&#8221;90&#8243;][mk_fancy_title color=&#8221;#ffffff&#8221; size=&#8221;46&#8243; font_weight=&#8221;200&#8243; font_family=&#8221;none&#8221; align=&#8221;center&#8221;]Credenciamento Esthetic Aligner[\/mk_fancy_title][vc_custom_heading text=&#8221;O Credenciamento no Sistema Esthetic Aligner habilita o dentista a utilizar o que existe de mais moderno em Ortodontia, um sistema alternativo a terapia ortod\u00f4ntica convencional fixa, que visa atender a um p\u00fablico crescente que busca aliar a est\u00e9tica aos tratamentos de sa\u00fade.&#8221; font_container=&#8221;tag:p|font_size:24px|text_align:center|color:%23ffffff&#8221; use_theme_fonts=&#8221;yes&#8221;][mk_padding_divider][vc_row_inner][vc_column_inner width=&#8221;1\/3&#8243;][mk_button dimension=&#8221;flat&#8221; corner_style=&#8221;full_rounded&#8221; size=&#8221;large&#8221; url=&#8221;https:\/\/doctorea.com.br\/agenda-de-cursos\/&#8221; align=&#8221;center&#8221; fullwidth=&#8221;true&#8221; margin_bottom=&#8221;20&#8243; margin_right=&#8221;20&#8243; bg_color=&#8221;#ffffff&#8221; btn_hover_bg=&#8221;#8224e3&#8243; text_color=&#8221;dark&#8221; btn_hover_txt_color=&#8221;#ffffff&#8221;]Agenda de Cursos[\/mk_button][\/vc_column_inner][vc_column_inner width=&#8221;1\/3&#8243;][mk_button dimension=&#8221;flat&#8221; corner_style=&#8221;full_rounded&#8221; size=&#8221;large&#8221; url=&#8221;https:\/\/estheticaligner.com.co\/portal\/credenciamento-online\/&#8221; align=&#8221;center&#8221; fullwidth=&#8221;true&#8221; margin_bottom=&#8221;20&#8243; margin_right=&#8221;20&#8243; bg_color=&#8221;#ffffff&#8221; btn_hover_bg=&#8221;#8224e3&#8243; text_color=&#8221;dark&#8221; btn_hover_txt_color=&#8221;#ffffff&#8221;]Curso Online[\/mk_button][\/vc_column_inner][vc_column_inner width=&#8221;1\/3&#8243;][mk_button dimension=&#8221;flat&#8221; corner_style=&#8221;full_rounded&#8221; size=&#8221;large&#8221; url=&#8221;https:\/\/api.whatsapp.com\/send?phone=5511950166152&#8243; align=&#8221;center&#8221; fullwidth=&#8221;true&#8221; margin_bottom=&#8221;20&#8243; margin_right=&#8221;20&#8243; bg_color=&#8221;#ffffff&#8221; btn_hover_bg=&#8221;#8224e3&#8243; text_color=&#8221;dark&#8221; btn_hover_txt_color=&#8221;#ffffff&#8221;]Converse por WhatsApp[\/mk_button][\/vc_column_inner][\/vc_row_inner][mk_padding_divider][\/vc_column][\/mk_page_section][mk_page_section bg_stretch=&#8221;true&#8221; padding_top=&#8221;70&#8243; padding_bottom=&#8221;70&#8243; top_shape_color=&#8221;#ffffff&#8221; bottom_shape_style=&#8221;speech-bottom&#8221; bottom_shape_size=&#8221;small&#8221; bottom_shape_color=&#8221;#2c9afb&#8221; bottom_shape_bg_color=&#8221;#ffffff&#8221; section_id=&#8221;vantagens&#8221; sidebar=&#8221;sidebar-1&#8243;][vc_column][vc_row_inner][vc_column_inner][mk_fancy_title color_style=&#8221;gradient_color&#8221; grandient_color_from=&#8221;#3ba5f7&#8243; grandient_color_to=&#8221;#7d78f7&#8243; grandient_color_angle=&#8221;diagonal_left_bottom&#8221; grandient_color_fallback=&#8221;#3ba5f7&#8243; size=&#8221;40&#8243; font_weight=&#8221;200&#8243; margin_bottom=&#8221;0&#8243; font_family=&#8221;none&#8221; align=&#8221;center&#8221;]Porque ser um credenciado Esthetic Aligner?[\/mk_fancy_title][vc_column_text align=&#8221;center&#8221; css=&#8221;.vc_custom_1518631956676{margin-bottom: 0px !important;}&#8221;]\n<p class=\"p1\" style=\"text-align: center;\"><span class=\"s1\">O Esthetic Aligner trata mais de 93% dos casos cl\u00ednicos das mais diversas complexidades com modernidade, conforto, est\u00e9tica e bem-estar. Nossos alinhadores s\u00e3o\u00a0fabricados no Brasil com tecnologia mundial, ele tamb\u00e9m ajuda a sua rotina de atendimento, com consultas mais curtas. Fa\u00e7a\u00a0parte desta verdadeira revolu\u00e7\u00e3o que os \u201caparelhos invis\u00edveis\u201d est\u00e3o trazendo para o mercado.\u00a0<\/span>Para aproveitar e oferecer aos seus pacientes todas as vantagens do tratamento com Esthetic Aligner, \u00e9 preciso ser um Credenciado Esthetic Aligner. Abaixo voc\u00ea conhece mais sobre esses benef\u00edcios que s\u00f3 os nossos credenciados t\u00eam.<\/p>\n[\/vc_column_text][\/vc_column_inner][\/vc_row_inner][\/vc_column][\/mk_page_section][mk_page_section full_width=&#8221;true&#8221; sidebar=&#8221;sidebar-1&#8243;][vc_column][mk_animated_columns column_height=&#8221;400&#8243; border_color=&#8221;#ffffff&#8221; bg_color=&#8221;#43a5f4&#8243; bg_hover_color=&#8221;#5a5ada&#8221; icon_size=&#8221;64&#8243; icon_color=&#8221;#ffffff&#8221; icon_hover_color=&#8221;#ffffff&#8221; txt_color=&#8221;#ffffff&#8221; txt_hover_color=&#8221;#ffffff&#8221; columns=&#8221;263, 265, 267, 269&#8243;][\/vc_column][\/mk_page_section][mk_page_section padding_top=&#8221;50&#8243; padding_bottom=&#8221;50&#8243; sidebar=&#8221;sidebar-1&#8243;][vc_column][mk_image src=&#8221;https:\/\/estheticaligner.com.co\/portal\/wp-content\/uploads\/eaclub-1.png&#8221; image_size=&#8221;full&#8221; align=&#8221;center&#8221;][mk_fancy_title color_style=&#8221;gradient_color&#8221; grandient_color_from=&#8221;#3ba5f7&#8243; grandient_color_to=&#8221;#7d78f7&#8243; grandient_color_angle=&#8221;diagonal_left_bottom&#8221; grandient_color_fallback=&#8221;#3ba5f7&#8243; size=&#8221;26&#8243; font_weight=&#8221;200&#8243; margin_bottom=&#8221;0&#8243; font_family=&#8221;none&#8221; align=&#8221;center&#8221;]Credenciados Esthetic Aligner tem benef\u00edcios com empresas parceiras. Confira na \u00e1rea do credenciado a lista de empresas e aproveite as vantagens exclusivas![\/mk_fancy_title][\/vc_column][\/mk_page_section][mk_page_section bg_color=&#8221;#2c9afb&#8221; enable_3d=&#8221;true&#8221; bg_gradient=&#8221;vertical&#8221; video_color_mask=&#8221;#5a5ada&#8221; gr_end=&#8221;#43a5f4&#8243; video_opacity=&#8221;1&#8243; min_height=&#8221;0&#8243; padding_top=&#8221;80&#8243; padding_bottom=&#8221;80&#8243; top_shape_style=&#8221;speech-top&#8221; top_shape_color=&#8221;#ffffff&#8221; top_shape_bg_color=&#8221;#43a5f4&#8243; bottom_shape_color=&#8221;#ffffff&#8221; section_id=&#8221;tornese&#8221; sidebar=&#8221;sidebar-1&#8243;][vc_column][mk_fancy_title color=&#8221;#ffffff&#8221; size=&#8221;25&#8243; font_weight=&#8221;200&#8243; txt_transform=&#8221;uppercase&#8221; margin_bottom=&#8221;0&#8243; font_family=&#8221;none&#8221; align=&#8221;center&#8221;]O que os Doutores dizem:[\/mk_fancy_title][mk_testimonials style=&#8221;simple&#8221; skin=&#8221;light&#8221; categories=&#8221;depoimentos_doutores&#8221;][\/vc_column][\/mk_page_section][mk_page_section layout_structure=&#8221;half_left&#8221; bg_image=&#8221;https:\/\/estheticaligner.com.co\/portal\/wp-content\/uploads\/credenciamento-online-ortodontia-com-alinhadores-esthetic-aligner.jpg&#8221; padding_top=&#8221;70&#8243; padding_bottom=&#8221;70&#8243;][vc_column][vc_row_inner][vc_column_inner][mk_fancy_title color_style=&#8221;gradient_color&#8221; grandient_color_from=&#8221;#3ba5f7&#8243; grandient_color_to=&#8221;#7d78f7&#8243; grandient_color_angle=&#8221;diagonal_left_bottom&#8221; grandient_color_fallback=&#8221;#3ba5f7&#8243; size=&#8221;40&#8243; font_weight=&#8221;200&#8243; margin_bottom=&#8221;0&#8243; font_family=&#8221;none&#8221;]Portal Esthetic Aligner de Educa\u00e7\u00e3o Continuada[\/mk_fancy_title][vc_column_text css=&#8221;.vc_custom_1518635712136{margin-bottom: 0px !important;}&#8221;]Queremos que nosso credenciado esteja preparado para oferecer o melhor tratamento aos seus pacientes. Por isso, al\u00e9m do curso de credenciamento, n\u00f3s oferecemos cursos de extens\u00e3o gratuitos e acesso ao portal online de educa\u00e7\u00e3o continuada. Onde o credenciado encontrar\u00e1 toda a informa\u00e7\u00e3o necess\u00e1ria para o melhor andamento do tratamento, al\u00e9m de dicas sobre marketing e venda, e atualiza\u00e7\u00f5es do setor.[\/vc_column_text][\/vc_column_inner][\/vc_row_inner][vc_row_inner][vc_column_inner width=&#8221;1\/2&#8243;][mk_icon_box icon=&#8221;mk-li-check&#8221; title=&#8221;V\u00eddeo Aulas&#8221; icon_size=&#8221;medium&#8221; icon_color=&#8221;#43a5f4&#8243; icon_circle_color=&#8221;&#8221;][\/mk_icon_box][mk_icon_box icon=&#8221;mk-li-check&#8221; title=&#8221;Material de Apoio&#8221; icon_size=&#8221;medium&#8221; icon_color=&#8221;#43a5f4&#8243; icon_circle_color=&#8221;&#8221;][\/mk_icon_box][mk_icon_box icon=&#8221;mk-li-check&#8221; title=&#8221;Suporte na condu\u00e7\u00e3o de casos&#8221; icon_size=&#8221;medium&#8221; icon_color=&#8221;#43a5f4&#8243; icon_circle_color=&#8221;&#8221;][\/mk_icon_box][\/vc_column_inner][vc_column_inner width=&#8221;1\/2&#8243;][mk_icon_box icon=&#8221;mk-li-check&#8221; title=&#8221;Cursos de Extens\u00e3o&#8221; icon_size=&#8221;medium&#8221; icon_color=&#8221;#43a5f4&#8243; icon_circle_color=&#8221;&#8221;][\/mk_icon_box][mk_icon_box icon=&#8221;mk-li-check&#8221; title=&#8221;Marketing e Vendas&#8221; icon_size=&#8221;medium&#8221; icon_color=&#8221;#43a5f4&#8243; icon_circle_color=&#8221;&#8221;][\/mk_icon_box][mk_icon_box icon=&#8221;mk-li-check&#8221; title=&#8221;<em>Hands On<\/em>&#8221; icon_size=&#8221;medium&#8221; icon_color=&#8221;#43a5f4&#8243; icon_circle_color=&#8221;&#8221;][\/mk_icon_box][\/vc_column_inner][\/vc_row_inner][\/vc_column][\/mk_page_section][mk_page_section bg_color=&#8221;#2c9afb&#8221; enable_3d=&#8221;true&#8221; bg_gradient=&#8221;vertical&#8221; video_color_mask=&#8221;#5a5ada&#8221; gr_end=&#8221;#43a5f4&#8243; video_opacity=&#8221;1&#8243; min_height=&#8221;0&#8243; padding_top=&#8221;80&#8243; padding_bottom=&#8221;80&#8243; top_shape_style=&#8221;speech-top&#8221; top_shape_color=&#8221;#ffffff&#8221; top_shape_bg_color=&#8221;#43a5f4&#8243; bottom_shape_color=&#8221;#ffffff&#8221; section_id=&#8221;tornese&#8221; sidebar=&#8221;sidebar-1&#8243;][vc_column width=&#8221;1\/2&#8243;][mk_fancy_title color=&#8221;#ffffff&#8221; size=&#8221;25&#8243; font_weight=&#8221;200&#8243; txt_transform=&#8221;uppercase&#8221; margin_bottom=&#8221;0&#8243; font_family=&#8221;none&#8221; align=&#8221;center&#8221;]CREDENCIAMENTO PRESENCIAL[\/mk_fancy_title][vc_custom_heading text=&#8221;Oferecemos o curso de credenciamento nas principais localidades do pa\u00eds. Confira a agenda de cursos. Coordenadores de cursos de odontologia interessados no credenciamento para turmas fechadas basta nos contatar, atendemos em todo o territ\u00f3rio nacional.&#8221; font_container=&#8221;tag:p|font_size:18px|text_align:center|color:%23ffffff|line_height:1.5em&#8221; use_theme_fonts=&#8221;yes&#8221;][mk_button dimension=&#8221;outline&#8221; corner_style=&#8221;full_rounded&#8221; size=&#8221;large&#8221; url=&#8221;agenda\/&#8221; align=&#8221;center&#8221; outline_skin=&#8221;custom&#8221; outline_active_color=&#8221;#ffffff&#8221; outline_active_text_color=&#8221;#ffffff&#8221; outline_hover_bg_color=&#8221;#ffffff&#8221; outline_hover_color=&#8221;#43a5f4&#8243;]Confira a agenda de cursos[\/mk_button][mk_padding_divider visibility=&#8221;hidden-dt&#8221;][\/vc_column][vc_column width=&#8221;1\/2&#8243;][mk_fancy_title color=&#8221;#ffffff&#8221; size=&#8221;25&#8243; font_weight=&#8221;200&#8243; txt_transform=&#8221;uppercase&#8221; margin_bottom=&#8221;0&#8243; font_family=&#8221;none&#8221; align=&#8221;center&#8221;]CREDENCIAMENTO ONLINE[\/mk_fancy_title][vc_custom_heading text=&#8221;Sem tempo para o curso presencial? No credenciamento online voc\u00ea ter\u00e1 acesso ao portal com v\u00eddeo aulas, materiais exclusivos e poder\u00e1 assistir ao curso presencial sem custo adicional, basta agendar sua presen\u00e7a.&#8221; font_container=&#8221;tag:p|font_size:18px|text_align:center|color:%23ffffff|line_height:1.5em&#8221; use_theme_fonts=&#8221;yes&#8221;][mk_button dimension=&#8221;outline&#8221; corner_style=&#8221;full_rounded&#8221; size=&#8221;large&#8221; url=&#8221;credenciamento-online\/&#8221; align=&#8221;center&#8221; outline_skin=&#8221;custom&#8221; outline_active_color=&#8221;#ffffff&#8221; outline_active_text_color=&#8221;#ffffff&#8221; outline_hover_bg_color=&#8221;#ffffff&#8221; outline_hover_color=&#8221;#43a5f4&#8243;]Credenciamento Online[\/mk_button][\/vc_column][\/mk_page_section]\n","protected":false},"excerpt":{"rendered":"<p>[mk_page_section bg_color=&#8221;#f4f4f4&#8243; bg_position=&#8221;center center&#8221; enable_3d=&#8221;true&#8221; bg_video=&#8221;yes&#8221; mp4=&#8221;https:\/\/estheticaligner.com.co\/portal\/wp-content\/uploads\/Pag_Credenciamento_CLIPCHAMP_keep.mp4&#8243; poster_image=&#8221;https:\/\/estheticaligner.com.co\/portal\/wp-content\/uploads\/Alinhador_Esthetic_Aligner.jpg&#8221; bg_gradient=&#8221;left_top&#8221; video_color_mask=&#8221;#43a5f4&#8243; gr_end=&#8221;#5a5ada&#8221; video_opacity=&#8221;0.7&#8243; top_shadow=&#8221;true&#8221; min_height=&#8221;600&#8243; js_vertical_centered=&#8221;true&#8221; padding_top=&#8221;40&#8243; padding_bottom=&#8221;40&#8243; top_shape_style=&#8221;curve-top&#8221; top_shape_color=&#8221;#ffffff&#8221; bottom_shape_style=&#8221;speech-bottom&#8221; bottom_shape_size=&#8221;small&#8221; bottom_shape_color=&#8221;#ffffff&#8221; section_id=&#8221;inicio&#8221; sidebar=&#8221;sidebar-1&#8243;][vc_column][mk_padding_divider size=&#8221;90&#8243;][mk_fancy_title color=&#8221;#ffffff&#8221; size=&#8221;46&#8243; font_weight=&#8221;200&#8243; font_family=&#8221;none&#8221; align=&#8221;center&#8221;]Credenciamento Esthetic Aligner[\/mk_fancy_title][vc_custom_heading text=&#8221;O Credenciamento no Sistema Esthetic Aligner habilita o dentista a utilizar o que existe de mais moderno em Ortodontia, um sistema alternativo a [&hellip;]<\/p>\n","protected":false},"author":3188,"featured_media":2058,"parent":0,"menu_order":0,"comment_status":"closed","ping_status":"closed","template":"","meta":{"footnotes":""},"_links":{"self":[{"href":"https:\/\/estheticaligner.com.co\/portal\/wp-json\/wp\/v2\/pages\/311"}],"collection":[{"href":"https:\/\/estheticaligner.com.co\/portal\/wp-json\/wp\/v2\/pages"}],"about":[{"href":"https:\/\/estheticaligner.com.co\/portal\/wp-json\/wp\/v2\/types\/page"}],"author":[{"embeddable":true,"href":"https:\/\/estheticaligner.com.co\/portal\/wp-json\/wp\/v2\/users\/3188"}],"replies":[{"embeddable":true,"href":"https:\/\/estheticaligner.com.co\/portal\/wp-json\/wp\/v2\/comments?post=311"}],"version-history":[{"count":7,"href":"https:\/\/estheticaligner.com.co\/portal\/wp-json\/wp\/v2\/pages\/311\/revisions"}],"predecessor-version":[{"id":5053,"href":"https:\/\/estheticaligner.com.co\/portal\/wp-json\/wp\/v2\/pages\/311\/revisions\/5053"}],"wp:featuredmedia":[{"embeddable":true,"href":"https:\/\/estheticaligner.com.co\/portal\/wp-json\/wp\/v2\/media\/2058"}],"wp:attachment":[{"href":"https:\/\/estheticaligner.com.co\/portal\/wp-json\/wp\/v2\/media?parent=311"}],"curies":[{"name":"wp","href":"https:\/\/api.w.org\/{rel}","templated":true}]}}