{"id":250,"date":"2016-06-12T17:08:13","date_gmt":"2016-06-12T20:08:13","guid":{"rendered":"http:\/\/site298.hospedagemdesites.ws\/?page_id=250"},"modified":"2024-04-16T11:56:58","modified_gmt":"2024-04-16T14:56:58","slug":"homepage","status":"publish","type":"page","link":"https:\/\/estheticaligner.com.co\/portal\/","title":{"rendered":"Homepage"},"content":{"rendered":"[mk_page_section bg_color=&#8221;#f4f4f4&#8243; bg_position=&#8221;center center&#8221; enable_3d=&#8221;true&#8221; bg_video=&#8221;yes&#8221; mp4=&#8221;https:\/\/estheticaligner.com.co\/portal\/wp-content\/uploads\/Pag_Doutores_CLIPCHAMP_keep.mp4&#8243; poster_image=&#8221;https:\/\/estheticaligner.com.co\/portal\/wp-content\/uploads\/Alinhador_Esthetic_Aligner.jpg&#8221; bg_gradient=&#8221;left_top&#8221; video_color_mask=&#8221;#43a5f4&#8243; gr_end=&#8221;#5a5ada&#8221; video_opacity=&#8221;0.7&#8243; top_shadow=&#8221;true&#8221; min_height=&#8221;600&#8243; js_vertical_centered=&#8221;true&#8221; padding_top=&#8221;40&#8243; padding_bottom=&#8221;40&#8243; top_shape_style=&#8221;curve-top&#8221; top_shape_color=&#8221;#ffffff&#8221; bottom_shape_style=&#8221;speech-bottom&#8221; bottom_shape_size=&#8221;small&#8221; bottom_shape_color=&#8221;#ffffff&#8221; section_id=&#8221;inicio&#8221; sidebar=&#8221;sidebar-1&#8243;][vc_column width=&#8221;1\/6&#8243;][\/vc_column][vc_column width=&#8221;2\/3&#8243;][mk_padding_divider size=&#8221;90&#8243;][mk_fancy_title color=&#8221;#ffffff&#8221; size=&#8221;46&#8243; font_weight=&#8221;200&#8243; font_family=&#8221;none&#8221; align=&#8221;center&#8221;]Tecnologia e simplicidade ao seu alcance[\/mk_fancy_title][vc_custom_heading text=&#8221;O Esthetic Aligner \u00e9 uma alternativa aos aparelhos ortod\u00f4nticos convencionais que utiliza alinhadores transparentes, praticamente invis\u00edveis, aliando est\u00e9tica a excelentes resultados funcionais para os mais diversos casos de maloclus\u00f5es, de suaves a severos.&#8221; font_container=&#8221;tag:p|font_size:24px|text_align:center|color:%23ffffff&#8221; use_theme_fonts=&#8221;yes&#8221;][mk_button dimension=&#8221;flat&#8221; corner_style=&#8221;full_rounded&#8221; size=&#8221;large&#8221; url=&#8221;https:\/\/doctorea.com.br\/agenda-de-cursos\/&#8221; align=&#8221;center&#8221; margin_top=&#8221;15&#8243; bg_color=&#8221;#ffffff&#8221; btn_hover_bg=&#8221;#8224e3&#8243; text_color=&#8221;dark&#8221; btn_hover_txt_color=&#8221;#ffffff&#8221;]TORNE-SE UM DOUTOR CREDENCIADO[\/mk_button][mk_padding_divider][\/vc_column][vc_column width=&#8221;1\/6&#8243;][\/vc_column][\/mk_page_section][mk_page_section bg_color=&#8221;#ebebeb&#8221; bg_stretch=&#8221;true&#8221; padding_top=&#8221;0&#8243; padding_bottom=&#8221;70&#8243; top_shape_color=&#8221;#ffffff&#8221; bottom_shape_style=&#8221;speech-bottom&#8221; bottom_shape_size=&#8221;small&#8221; bottom_shape_color=&#8221;#2c9afb&#8221; bottom_shape_bg_color=&#8221;#ffffff&#8221; section_id=&#8221;vantagens&#8221; sidebar=&#8221;sidebar-1&#8243;][vc_column][vc_row_inner][vc_column_inner][mk_image src=&#8221;https:\/\/estheticaligner.com.co\/portal\/wp-content\/uploads\/alinhador-3.png&#8221; image_size=&#8221;full&#8221; align=&#8221;center&#8221; margin_bottom=&#8221;-20&#8243;][mk_fancy_title color_style=&#8221;gradient_color&#8221; grandient_color_from=&#8221;#43a5f4&#8243; grandient_color_to=&#8221;#5a5ada&#8221; grandient_color_angle=&#8221;diagonal_left_bottom&#8221; grandient_color_fallback=&#8221;#43a5f4&#8243; size=&#8221;40&#8243; font_weight=&#8221;200&#8243; margin_bottom=&#8221;0&#8243; font_family=&#8221;none&#8221; align=&#8221;center&#8221;]O que \u00e9 Esthetic Aligner?[\/mk_fancy_title][vc_column_text align=&#8221;center&#8221; css=&#8221;.vc_custom_1518630739339{margin-bottom: 0px !important;}&#8221;]A ortodontia com alinhadores vai muito al\u00e9m dos pequenos alinhamentos. O Sistema Esthetic Aligner permite um tratamento acess\u00edvel para dentistas e pacientes, com alinhadores transparentes, praticamente invis\u00edveis e de alta tecnologia. Com a preocupa\u00e7\u00e3o em atingir a excel\u00eancia est\u00e9tica e funcional, o Esthetic Aligner foi desenvolvido incorporando t\u00e9cnicas j\u00e1 existentes com ferramentas laboratoriais de alta precis\u00e3o e materiais importados de qualidade clinicamente testada, proporcionando excelentes resultados com mais conforto e higiene para mais de 93% dos casos de maloclus\u00f5es.[\/vc_column_text][mk_button dimension=&#8221;flat&#8221; corner_style=&#8221;full_rounded&#8221; size=&#8221;large&#8221; url=&#8221;https:\/\/doctorea.com.br\/agenda-de-cursos\/&#8221; align=&#8221;center&#8221; bg_color=&#8221;#1e73be&#8221; btn_hover_bg=&#8221;#8224e3&#8243; btn_hover_txt_color=&#8221;#ffffff&#8221;]AGENDA DE CURSOS[\/mk_button][\/vc_column_inner][\/vc_row_inner][\/vc_column][\/mk_page_section][mk_page_section bg_stretch=&#8221;true&#8221; full_width=&#8221;true&#8221; padding_top=&#8221;0&#8243; padding_bottom=&#8221;0&#8243; margin_bottom=&#8221;30&#8243; top_shape_color=&#8221;#ffffff&#8221; bottom_shape_style=&#8221;speech-bottom&#8221; bottom_shape_size=&#8221;small&#8221; bottom_shape_color=&#8221;#2c9afb&#8221; bottom_shape_bg_color=&#8221;#ffffff&#8221; section_id=&#8221;vantagens&#8221; sidebar=&#8221;sidebar-1&#8243;][vc_column][vc_row_inner attached=&#8221;true&#8221;][vc_column_inner width=&#8221;2\/3&#8243;][mk_animated_columns column_height=&#8221;400&#8243; column_number=&#8221;2&#8243; border_color=&#8221;#ffffff&#8221; bg_color=&#8221;#43a5f4&#8243; bg_hover_color=&#8221;#5a5ada&#8221; icon_size=&#8221;64&#8243; icon_color=&#8221;#ffffff&#8221; icon_hover_color=&#8221;#ffffff&#8221; txt_color=&#8221;#ffffff&#8221; txt_hover_color=&#8221;#ffffff&#8221; columns=&#8221;1711, 1700&#8243;][\/vc_column_inner][vc_column_inner width=&#8221;1\/3&#8243;][mk_custom_box margin_bottom=&#8221;0&#8243; min_height=&#8221;400&#8243; bg_image=&#8221;https:\/\/estheticaligner.com.co\/portal\/wp-content\/uploads\/paciente.jpg&#8221; background_hov_color_style=&#8221;image&#8221; bg_image_hov_effect=&#8221;zoom-in&#8221; bg_stretch=&#8221;true&#8221;][\/mk_custom_box][\/vc_column_inner][\/vc_row_inner][mk_padding_divider visibility=&#8221;hidden-dt&#8221;][vc_row_inner attached=&#8221;true&#8221;][vc_column_inner width=&#8221;1\/3&#8243;][mk_custom_box margin_bottom=&#8221;0&#8243; min_height=&#8221;400&#8243; bg_image=&#8221;https:\/\/estheticaligner.com.co\/portal\/wp-content\/uploads\/case_esthetic_aligner-1.jpg&#8221; background_hov_color_style=&#8221;image&#8221; bg_image_hov_effect=&#8221;zoom-in&#8221; bg_stretch=&#8221;true&#8221;][\/mk_custom_box][\/vc_column_inner][vc_column_inner width=&#8221;2\/3&#8243;][mk_animated_columns column_height=&#8221;400&#8243; column_number=&#8221;2&#8243; order=&#8221;ASC&#8221; border_color=&#8221;#ffffff&#8221; bg_color=&#8221;#43a5f4&#8243; bg_hover_color=&#8221;#5a5ada&#8221; icon_size=&#8221;64&#8243; icon_color=&#8221;#ffffff&#8221; icon_hover_color=&#8221;#ffffff&#8221; txt_color=&#8221;#ffffff&#8221; txt_hover_color=&#8221;#ffffff&#8221; columns=&#8221;1702, 1705&#8243;][\/vc_column_inner][\/vc_row_inner][\/vc_column][\/mk_page_section][mk_page_section bg_color=&#8221;#2c9afb&#8221; enable_3d=&#8221;true&#8221; bg_gradient=&#8221;vertical&#8221; video_color_mask=&#8221;#5a5ada&#8221; gr_end=&#8221;#43a5f4&#8243; video_opacity=&#8221;1&#8243; min_height=&#8221;0&#8243; padding_top=&#8221;80&#8243; padding_bottom=&#8221;80&#8243; top_shape_size=&#8221;small&#8221; top_shape_color=&#8221;#ffffff&#8221; bottom_shape_color=&#8221;#ffffff&#8221; section_id=&#8221;tornese&#8221; sidebar=&#8221;sidebar-1&#8243;][vc_column][vc_row_inner][vc_column_inner][mk_fancy_title color=&#8221;#ffffff&#8221; size=&#8221;40&#8243; font_weight=&#8221;200&#8243; margin_bottom=&#8221;0&#8243; font_family=&#8221;none&#8221; align=&#8221;center&#8221;]Seja um doutor credenciado Esthetic Aligner[\/mk_fancy_title][mk_divider style=&#8221;thin_solid&#8221; divider_width=&#8221;custom_width&#8221; custom_width=&#8221;120&#8243; thin_single_color=&#8221;#ffffff&#8221; thickness=&#8221;2&#8243;][mk_image src=&#8221;https:\/\/estheticaligner.com.co\/portal\/wp-content\/uploads\/processo-passo-a-passo2024.png&#8221; image_size=&#8221;full&#8221; align=&#8221;center&#8221;][mk_padding_divider][vc_custom_heading text=&#8221;Iniciar o tratamento com Esthetic Aligner \u00e9 f\u00e1cil e sem nenhuma complica\u00e7\u00e3o. Mas para oferecer aos seus pacientes todas as vantagens do tratamento com alinhadores ortod\u00f4nticos Esthetic Aligner, \u00e9 preciso ser um Doutor credenciado.&#8221; font_container=&#8221;tag:p|font_size:24px|text_align:center|color:%23ffffff|line_height:35px&#8221; use_theme_fonts=&#8221;yes&#8221;][mk_button dimension=&#8221;double-outline&#8221; corner_style=&#8221;full_rounded&#8221; size=&#8221;large&#8221; url=&#8221;https:\/\/doctorea.com.br\/agenda-de-cursos\/&#8221; align=&#8221;center&#8221; margin_top=&#8221;15&#8243; outline_skin=&#8221;custom&#8221; outline_active_color=&#8221;#ffffff&#8221; outline_active_text_color=&#8221;#1e73be&#8221; outline_hover_bg_color=&#8221;#8224e3&#8243; outline_hover_color=&#8221;#ffffff&#8221;]CREDENCIE-SE HOJE MESMO[\/mk_button][\/vc_column_inner][\/vc_row_inner][\/vc_column][\/mk_page_section]\n","protected":false},"excerpt":{"rendered":"<p>[mk_page_section bg_color=&#8221;#f4f4f4&#8243; bg_position=&#8221;center center&#8221; enable_3d=&#8221;true&#8221; bg_video=&#8221;yes&#8221; mp4=&#8221;https:\/\/estheticaligner.com.co\/portal\/wp-content\/uploads\/Pag_Doutores_CLIPCHAMP_keep.mp4&#8243; poster_image=&#8221;https:\/\/estheticaligner.com.co\/portal\/wp-content\/uploads\/Alinhador_Esthetic_Aligner.jpg&#8221; bg_gradient=&#8221;left_top&#8221; video_color_mask=&#8221;#43a5f4&#8243; gr_end=&#8221;#5a5ada&#8221; video_opacity=&#8221;0.7&#8243; top_shadow=&#8221;true&#8221; min_height=&#8221;600&#8243; js_vertical_centered=&#8221;true&#8221; padding_top=&#8221;40&#8243; padding_bottom=&#8221;40&#8243; top_shape_style=&#8221;curve-top&#8221; top_shape_color=&#8221;#ffffff&#8221; bottom_shape_style=&#8221;speech-bottom&#8221; bottom_shape_size=&#8221;small&#8221; bottom_shape_color=&#8221;#ffffff&#8221; section_id=&#8221;inicio&#8221; sidebar=&#8221;sidebar-1&#8243;][vc_column width=&#8221;1\/6&#8243;][\/vc_column][vc_column width=&#8221;2\/3&#8243;][mk_padding_divider size=&#8221;90&#8243;][mk_fancy_title color=&#8221;#ffffff&#8221; size=&#8221;46&#8243; font_weight=&#8221;200&#8243; font_family=&#8221;none&#8221; align=&#8221;center&#8221;]Tecnologia e simplicidade ao seu alcance[\/mk_fancy_title][vc_custom_heading text=&#8221;O Esthetic Aligner \u00e9 uma alternativa aos aparelhos ortod\u00f4nticos convencionais que utiliza alinhadores transparentes, praticamente invis\u00edveis, aliando est\u00e9tica [&hellip;]<\/p>\n","protected":false},"author":3188,"featured_media":0,"parent":0,"menu_order":0,"comment_status":"closed","ping_status":"closed","template":"","meta":{"footnotes":""},"_links":{"self":[{"href":"https:\/\/estheticaligner.com.co\/portal\/wp-json\/wp\/v2\/pages\/250"}],"collection":[{"href":"https:\/\/estheticaligner.com.co\/portal\/wp-json\/wp\/v2\/pages"}],"about":[{"href":"https:\/\/estheticaligner.com.co\/portal\/wp-json\/wp\/v2\/types\/page"}],"author":[{"embeddable":true,"href":"https:\/\/estheticaligner.com.co\/portal\/wp-json\/wp\/v2\/users\/3188"}],"replies":[{"embeddable":true,"href":"https:\/\/estheticaligner.com.co\/portal\/wp-json\/wp\/v2\/comments?post=250"}],"version-history":[{"count":3,"href":"https:\/\/estheticaligner.com.co\/portal\/wp-json\/wp\/v2\/pages\/250\/revisions"}],"predecessor-version":[{"id":5117,"href":"https:\/\/estheticaligner.com.co\/portal\/wp-json\/wp\/v2\/pages\/250\/revisions\/5117"}],"wp:attachment":[{"href":"https:\/\/estheticaligner.com.co\/portal\/wp-json\/wp\/v2\/media?parent=250"}],"curies":[{"name":"wp","href":"https:\/\/api.w.org\/{rel}","templated":true}]}}