{"id":1831,"date":"2018-02-14T17:39:23","date_gmt":"2018-02-14T19:39:23","guid":{"rendered":"https:\/\/estheticaligner.com.br\/portal\/?page_id=1831"},"modified":"2021-07-28T17:24:57","modified_gmt":"2021-07-28T20:24:57","slug":"casos-clinicos","status":"publish","type":"page","link":"https:\/\/estheticaligner.com.co\/portal\/casos-clinicos\/","title":{"rendered":"Casos Cl\u00ednicos"},"content":{"rendered":"[mk_page_section][vc_column][mk_image src=&#8221;https:\/\/estheticaligner.com.co\/portal\/wp-content\/uploads\/aparelho.png&#8221; image_size=&#8221;full&#8221; align=&#8221;center&#8221;][mk_fancy_title color_style=&#8221;gradient_color&#8221; grandient_color_from=&#8221;#43a5f4&#8243; grandient_color_to=&#8221;#5a5ada&#8221; grandient_color_angle=&#8221;diagonal_left_bottom&#8221; grandient_color_fallback=&#8221;#5678dc&#8221; size=&#8221;32&#8243; font_family=&#8221;none&#8221; align=&#8221;center&#8221;]CASOS CL\u00cdNICOS[\/mk_fancy_title][vc_column_text align=&#8221;center&#8221; css=&#8221;.vc_custom_1518792792039{margin-bottom: 0px !important;}&#8221;]Os avan\u00e7os tecnol\u00f3gicos na Ortodontia, vem revolucionando o modo como abordamos as mais diversas maloclus\u00f5es atualmente. Os alinhadores da Esthetic Aligner tem corrigido com sucesso diversas maloclus\u00f5es, desde casos suaves a severos. Abaixo resultados alcan\u00e7ados com a utiliza\u00e7\u00e3o do Sistema Esthetic Aligner.[\/vc_column_text][\/vc_column][\/mk_page_section][mk_page_section padding_bottom=&#8221;0&#8243; sidebar=&#8221;sidebar-1&#8243;][vc_column][mk_blog style=&#8221;spotlight&#8221; column=&#8221;2&#8243; cat=&#8221;45&#8243;][\/vc_column][\/mk_page_section]\n","protected":false},"excerpt":{"rendered":"<p>[mk_page_section][vc_column][mk_image src=&#8221;https:\/\/estheticaligner.com.co\/portal\/wp-content\/uploads\/aparelho.png&#8221; image_size=&#8221;full&#8221; align=&#8221;center&#8221;][mk_fancy_title color_style=&#8221;gradient_color&#8221; grandient_color_from=&#8221;#43a5f4&#8243; grandient_color_to=&#8221;#5a5ada&#8221; grandient_color_angle=&#8221;diagonal_left_bottom&#8221; grandient_color_fallback=&#8221;#5678dc&#8221; size=&#8221;32&#8243; font_family=&#8221;none&#8221; align=&#8221;center&#8221;]CASOS CL\u00cdNICOS[\/mk_fancy_title][vc_column_text align=&#8221;center&#8221; css=&#8221;.vc_custom_1518792792039{margin-bottom: 0px !important;}&#8221;]Os avan\u00e7os tecnol\u00f3gicos na Ortodontia, vem revolucionando o modo como abordamos as mais diversas maloclus\u00f5es atualmente. Os alinhadores da Esthetic Aligner tem corrigido com sucesso diversas maloclus\u00f5es, desde casos suaves a severos. Abaixo resultados alcan\u00e7ados com a utiliza\u00e7\u00e3o do [&hellip;]<\/p>\n","protected":false},"author":3188,"featured_media":1891,"parent":0,"menu_order":0,"comment_status":"closed","ping_status":"closed","template":"","meta":{"footnotes":""},"_links":{"self":[{"href":"https:\/\/estheticaligner.com.co\/portal\/wp-json\/wp\/v2\/pages\/1831"}],"collection":[{"href":"https:\/\/estheticaligner.com.co\/portal\/wp-json\/wp\/v2\/pages"}],"about":[{"href":"https:\/\/estheticaligner.com.co\/portal\/wp-json\/wp\/v2\/types\/page"}],"author":[{"embeddable":true,"href":"https:\/\/estheticaligner.com.co\/portal\/wp-json\/wp\/v2\/users\/3188"}],"replies":[{"embeddable":true,"href":"https:\/\/estheticaligner.com.co\/portal\/wp-json\/wp\/v2\/comments?post=1831"}],"version-history":[{"count":1,"href":"https:\/\/estheticaligner.com.co\/portal\/wp-json\/wp\/v2\/pages\/1831\/revisions"}],"predecessor-version":[{"id":3580,"href":"https:\/\/estheticaligner.com.co\/portal\/wp-json\/wp\/v2\/pages\/1831\/revisions\/3580"}],"wp:featuredmedia":[{"embeddable":true,"href":"https:\/\/estheticaligner.com.co\/portal\/wp-json\/wp\/v2\/media\/1891"}],"wp:attachment":[{"href":"https:\/\/estheticaligner.com.co\/portal\/wp-json\/wp\/v2\/media?parent=1831"}],"curies":[{"name":"wp","href":"https:\/\/api.w.org\/{rel}","templated":true}]}}