{"id":1545,"date":"2018-02-08T15:22:35","date_gmt":"2018-02-08T17:22:35","guid":{"rendered":"https:\/\/estheticaligner.com.co\/portal\/?page_id=1545"},"modified":"2018-06-20T11:53:41","modified_gmt":"2018-06-20T14:53:41","slug":"efetue-seu-login","status":"publish","type":"page","link":"https:\/\/estheticaligner.com.co\/portal\/efetue-seu-login\/","title":{"rendered":"Efetue seu login"},"content":{"rendered":"[vc_row][vc_column width=&#8221;2\/3&#8243;][vc_column_text css=&#8221;.vc_custom_1529506416690{margin-bottom: 0px !important;}&#8221;]\n<div class=\"entry\">\n<h3>J\u00e1 sou um Credenciado<\/h3>\n<p>Caso j\u00e1 seja um Credenciado, acesse o portal pelo formul\u00e1rio ao lado, informando seu nome de usu\u00e1rio ou e-mail cadastrados e senha de acesso.<\/p>\n<h3>J\u00e1 sou um Credenciado mas n\u00e3o tenho o acesso<\/h3>\n<p>Caso j\u00e1 seja um credenciado e ainda n\u00e3o tenha um acesso <a href=\"https:\/\/estheticaligner.com.co\/portal\/wp-login.php?action=register\">clique aqui<\/a> e preencha o formul\u00e1rio. Nossa equipe ir\u00e1 autorizar o seu acesso ao site. Para redefinir a sua senha <a href=\"https:\/\/estheticaligner.com.co\/portal\/resgatar-senha\/\">clique aqui<\/a>.<\/p>\n<h3>Ainda n\u00e3o sou um Credenciado<\/h3>\n<p>Caso ainda n\u00e3o seja e tenha interesse em se tornar mais um Credenciado da Esthetic Aligner,\u00a0<a href=\"https:\/\/estheticaligner.com.co\/portal\/credenciamento-online\/\">clique aqui e siga o passo-a-passo<\/a>. Voc\u00ea receber\u00e1 todas as informa\u00e7\u00f5es sobre como proceder e, ao concluir o credenciamento, ter\u00e1 acesso ao curso completo online, al\u00e9m de materiais e produtos exclusivos.<\/p>\n<\/div>\n[\/vc_column_text][\/vc_column][vc_column width=&#8221;1\/3&#8243; css=&#8221;.vc_custom_1518187623403{border-top-width: 2px !important;border-right-width: 2px !important;border-bottom-width: 2px !important;border-left-width: 2px !important;border-left-color: #f4f4f4 !important;border-right-color: #f4f4f4 !important;border-top-color: #f4f4f4 !important;border-bottom-color: #f4f4f4 !important;border-radius: 5px !important;}&#8221;][vc_column_text disable_pattern=&#8221;&#8221; margin_bottom=&#8221;&#8221;]<a>\n<div class=\"cleanlogin-container\">\t\t\n\n\t<form class=\"cleanlogin-form\" method=\"post\" action=\"\" onsubmit=\"submit.disabled = true; return true;\">\n\t\t\t\n\t\t<fieldset>\n\n\t\t\t\t\t\t<div class=\"cleanlogin-field\">\n                <label for=\"log\">Nome de usu\u00e1rio<\/label>\n\t\t\t\t<input class=\"cleanlogin-field-username\" type=\"text\" name=\"log\" placeholder=\"Nome de usu\u00e1rio\" aria-label=\"Nome de usu\u00e1rio\">\n\t\t\t<\/div>\n\t\t\t\n\t\t\t<div class=\"cleanlogin-field\">\n                <label for=\"pwd\">Senha<\/label>\n\t\t\t\t<input class=\"cleanlogin-field-password\" type=\"password\" id=\"pwd\" name=\"pwd\" placeholder=\"Senha\" aria-label=\"Senha\">\n                <i class=\"bi bi-eye-slash\" id=\"togglePassword\"><\/i>\n\t\t\t<\/div>\n\n\t\t\t\t\t\n\t\t\t<input type=\"hidden\" name=\"clean_login_wpnonce\" value=\"f65faedf06\">\n            \n\t\t\t\t\t<\/fieldset>\n\t\t\n\t\t<fieldset>\n\t\t\t<input class=\"cleanlogin-field\" type=\"submit\" value=\"Login\" name=\"submit\">\n\t\t\t<input type=\"hidden\" name=\"action\" value=\"login\">\n\t\t\t\n\t\t\t<div class=\"cleanlogin-field cleanlogin-field-remember\">\n\t\t\t\t<input type=\"checkbox\" id=\"rememberme\" name=\"rememberme\" value=\"forever\">\n\t\t\t\t<label for=\"rememberme\">Permanecer logado<\/label>\n\t\t\t<\/div>\n\t\t<\/fieldset>\n\n\t\t\n\t\t<div class=\"cleanlogin-form-bottom\">\n\t\t\t\n            <a href='https:\/\/estheticaligner.com.co\/portal\/resgatar-senha\/' class='cleanlogin-form-pwd-link'>Perdeu a senha?<\/a>\n\t\t\t\t\t\t\t\t\t\n\t\t<\/div>\n\t\t\n\t<\/form>\n\n<\/div>\n\n<script>\nconst togglePassword = document.querySelector('#togglePassword');\nconst password = document.querySelector('#pwd');\n\ntogglePassword.addEventListener('click', function (e) {\n    const type = password.getAttribute('type') === 'password' ? 'text' : 'password';\n    password.setAttribute('type', type);\n    this.classList.toggle('bi-eye');\n});\n<\/script><\/a>[\/vc_column_text][\/vc_column][\/vc_row]\n","protected":false},"excerpt":{"rendered":"<p>[vc_row][vc_column width=&#8221;2\/3&#8243;][vc_column_text css=&#8221;.vc_custom_1529506416690{margin-bottom: 0px !important;}&#8221;] J\u00e1 sou um Credenciado Caso j\u00e1 seja um Credenciado, acesse o portal pelo formul\u00e1rio ao lado, informando seu nome de usu\u00e1rio ou e-mail cadastrados e senha de acesso. J\u00e1 sou um Credenciado mas n\u00e3o tenho o acesso Caso j\u00e1 seja um credenciado e ainda n\u00e3o tenha um acesso clique aqui [&hellip;]<\/p>\n","protected":false},"author":3188,"featured_media":0,"parent":0,"menu_order":0,"comment_status":"closed","ping_status":"closed","template":"","meta":{"footnotes":""},"_links":{"self":[{"href":"https:\/\/estheticaligner.com.co\/portal\/wp-json\/wp\/v2\/pages\/1545"}],"collection":[{"href":"https:\/\/estheticaligner.com.co\/portal\/wp-json\/wp\/v2\/pages"}],"about":[{"href":"https:\/\/estheticaligner.com.co\/portal\/wp-json\/wp\/v2\/types\/page"}],"author":[{"embeddable":true,"href":"https:\/\/estheticaligner.com.co\/portal\/wp-json\/wp\/v2\/users\/3188"}],"replies":[{"embeddable":true,"href":"https:\/\/estheticaligner.com.co\/portal\/wp-json\/wp\/v2\/comments?post=1545"}],"version-history":[{"count":0,"href":"https:\/\/estheticaligner.com.co\/portal\/wp-json\/wp\/v2\/pages\/1545\/revisions"}],"wp:attachment":[{"href":"https:\/\/estheticaligner.com.co\/portal\/wp-json\/wp\/v2\/media?parent=1545"}],"curies":[{"name":"wp","href":"https:\/\/api.w.org\/{rel}","templated":true}]}}