{"id":1486,"date":"2018-02-08T13:05:57","date_gmt":"2018-02-08T15:05:57","guid":{"rendered":"https:\/\/estheticaligner.com.co\/portal\/?page_id=1486"},"modified":"2019-09-20T08:53:27","modified_gmt":"2019-09-20T11:53:27","slug":"credenciamento-online","status":"publish","type":"page","link":"https:\/\/estheticaligner.com.co\/portal\/credenciamento-online\/","title":{"rendered":"Credenciamento Online"},"content":{"rendered":"[mk_page_section][vc_column][mk_image src=&#8221;https:\/\/estheticaligner.com.co\/portal\/wp-content\/uploads\/aparelho.png&#8221; image_size=&#8221;full&#8221; align=&#8221;center&#8221;][mk_fancy_title color_style=&#8221;gradient_color&#8221; grandient_color_from=&#8221;#43a5f4&#8243; grandient_color_to=&#8221;#5a5ada&#8221; grandient_color_angle=&#8221;diagonal_left_bottom&#8221; grandient_color_fallback=&#8221;#5678dc&#8221; size=&#8221;40&#8243; txt_transform=&#8221;none&#8221; font_family=&#8221;none&#8221; align=&#8221;center&#8221;]Credenciamento Online Esthetic Aligner[\/mk_fancy_title][vc_row_inner][vc_column_inner][vc_column_text css=&#8221;.vc_custom_1568980226526{margin-bottom: 0px !important;}&#8221;]\n<div class=\" vc_custom_1518796119002\" style=\"text-align: center;\">\n<div id=\"text-block-12\" class=\"mk-text-block \">\n<p>Os credenciados Esthetic Aligner contam com acesso \u00e0s\u00a0<strong>v\u00eddeo aulas<\/strong>,\u00a0<strong>materiais de apoio, suporte<\/strong>\u00a0e\u00a0<strong>apostilas<\/strong>\u00a024 horas por dia atrav\u00e9s da \u00e1rea do credenciado. Essa facilidade de acesso permite que o dentista possa rever os pontos em que tem maior interesse quantas vezes desejar e assistir \u00e0s aulas de onde estiver. O curso \u00e9 composto por 8 v\u00eddeo aulas, ministradas pelo Dr. Fernando Stefanato Buranello, um dos desenvolvedores e patenteadores da t\u00e9cnica, Diretor Cient\u00edfico na Esthetic Aligner, Mestre e Especialista em Ortodontia e Professor de Ortodontia na FUNORTE N\u00facleo An\u00e1polis. Com o curso online tanto o ortodontista quanto o cl\u00ednico geral credenciado poder\u00e3o trabalhar com nosso sistema de forma efetiva e eficaz, oferecendo aos seus pacientes o que existe de mais moderno em tratamentos ortod\u00f4nticos.<\/p>\n<\/div>\n<\/div>\n<div class=\" vc_custom_1518800169029\" style=\"text-align: center;\">\n<div id=\"text-block-14\" class=\"mk-text-block \">\n<p><strong>Ap\u00f3s a inscri\u00e7\u00e3o para o curso online o credenciado poder\u00e1 participar de um curso presencial em qualquer localidade onde os cursos s\u00e3o ministrados. Para isso, basta verificar a disponibilidade de vagas e efetuar o agendamento.\u00a0<\/strong><\/p>\n<\/div>\n<\/div>\n[\/vc_column_text][mk_padding_divider][mk_image src=&#8221;https:\/\/estheticaligner.com.co\/portal\/wp-content\/uploads\/videos.png&#8221; image_size=&#8221;full&#8221; align=&#8221;center&#8221;][mk_padding_divider][\/vc_column_inner][\/vc_row_inner][\/vc_column][\/mk_page_section][mk_page_section bg_color=&#8221;#2c9afb&#8221; enable_3d=&#8221;true&#8221; bg_gradient=&#8221;vertical&#8221; video_color_mask=&#8221;#5a5ada&#8221; gr_end=&#8221;#43a5f4&#8243; video_opacity=&#8221;1&#8243; min_height=&#8221;0&#8243; padding_top=&#8221;80&#8243; padding_bottom=&#8221;80&#8243; top_shape_style=&#8221;speech-top&#8221; top_shape_color=&#8221;#ffffff&#8221; top_shape_bg_color=&#8221;#43a5f4&#8243; bottom_shape_color=&#8221;#ffffff&#8221; section_id=&#8221;tornese&#8221; sidebar=&#8221;sidebar-1&#8243;][vc_column][vc_row_inner][vc_column_inner width=&#8221;1\/6&#8243;][\/vc_column_inner][vc_column_inner width=&#8221;2\/3&#8243;][mk_fancy_title color=&#8221;#ffffff&#8221; size=&#8221;45&#8243; font_weight=&#8221;200&#8243; margin_bottom=&#8221;0&#8243; font_family=&#8221;none&#8221; align=&#8221;center&#8221;]Comece agora mesmo![\/mk_fancy_title][vc_custom_heading text=&#8221;Ao efetuar a inscri\u00e7\u00e3o para o curso online o credenciado poder\u00e1 se inscrever tamb\u00e9m em um curso presencial. Basta escolher a melhor data e local em nossa agenda e verificar a disponibilidade de vagas.&#8221; font_container=&#8221;tag:p|font_size:24px|text_align:center|color:%23ffffff|line_height:35px&#8221; use_theme_fonts=&#8221;yes&#8221;][mk_button dimension=&#8221;outline&#8221; corner_style=&#8221;full_rounded&#8221; size=&#8221;large&#8221; url=&#8221;https:\/\/estheticaligner.com.co\/portal\/produto\/credenciamento-online\/&#8221; align=&#8221;center&#8221; outline_skin=&#8221;light&#8221;]INICIAR CREDENCIAMENTO ONLINE[\/mk_button][\/vc_column_inner][vc_column_inner width=&#8221;1\/6&#8243;][\/vc_column_inner][\/vc_row_inner][\/vc_column][\/mk_page_section]\n","protected":false},"excerpt":{"rendered":"<p>[mk_page_section][vc_column][mk_image src=&#8221;https:\/\/estheticaligner.com.co\/portal\/wp-content\/uploads\/aparelho.png&#8221; image_size=&#8221;full&#8221; align=&#8221;center&#8221;][mk_fancy_title color_style=&#8221;gradient_color&#8221; grandient_color_from=&#8221;#43a5f4&#8243; grandient_color_to=&#8221;#5a5ada&#8221; grandient_color_angle=&#8221;diagonal_left_bottom&#8221; grandient_color_fallback=&#8221;#5678dc&#8221; size=&#8221;40&#8243; txt_transform=&#8221;none&#8221; font_family=&#8221;none&#8221; align=&#8221;center&#8221;]Credenciamento Online Esthetic Aligner[\/mk_fancy_title][vc_row_inner][vc_column_inner][vc_column_text css=&#8221;.vc_custom_1568980226526{margin-bottom: 0px !important;}&#8221;] Os credenciados Esthetic Aligner contam com acesso \u00e0s\u00a0v\u00eddeo aulas,\u00a0materiais de apoio, suporte\u00a0e\u00a0apostilas\u00a024 horas por dia atrav\u00e9s da \u00e1rea do credenciado. Essa facilidade de acesso permite que o dentista possa rever os pontos em que tem maior [&hellip;]<\/p>\n","protected":false},"author":3188,"featured_media":0,"parent":0,"menu_order":0,"comment_status":"closed","ping_status":"closed","template":"","meta":{"footnotes":""},"_links":{"self":[{"href":"https:\/\/estheticaligner.com.co\/portal\/wp-json\/wp\/v2\/pages\/1486"}],"collection":[{"href":"https:\/\/estheticaligner.com.co\/portal\/wp-json\/wp\/v2\/pages"}],"about":[{"href":"https:\/\/estheticaligner.com.co\/portal\/wp-json\/wp\/v2\/types\/page"}],"author":[{"embeddable":true,"href":"https:\/\/estheticaligner.com.co\/portal\/wp-json\/wp\/v2\/users\/3188"}],"replies":[{"embeddable":true,"href":"https:\/\/estheticaligner.com.co\/portal\/wp-json\/wp\/v2\/comments?post=1486"}],"version-history":[{"count":0,"href":"https:\/\/estheticaligner.com.co\/portal\/wp-json\/wp\/v2\/pages\/1486\/revisions"}],"wp:attachment":[{"href":"https:\/\/estheticaligner.com.co\/portal\/wp-json\/wp\/v2\/media?parent=1486"}],"curies":[{"name":"wp","href":"https:\/\/api.w.org\/{rel}","templated":true}]}}